{"id":65,"date":"2026-01-06T10:44:25","date_gmt":"2026-01-06T09:44:25","guid":{"rendered":"https:\/\/adelfisch.de\/index.php\/impressum\/"},"modified":"2026-01-10T11:51:48","modified_gmt":"2026-01-10T10:51:48","slug":"impressum","status":"publish","type":"page","link":"https:\/\/www.mix-trading.com\/index.php\/impressum\/","title":{"rendered":"Impressum"},"content":{"rendered":"<p>Chirasol GmbH<br \/>\nIndustriestra\u00dfe 1<br \/>\n77731 Willst\u00e4tt<br \/>\nDeutschland<\/p>\n<p>Telefon: 07852 81005<br \/>\nE-Mail: shop[@]mix-trading.com<\/p>\n<p>Vertreten durch: Viktor Meier, Gesch\u00e4ftsf\u00fchrer<br \/>\nEintragung im Handelsregister: Amtsgericht Freiburg HRB 706129<\/p>\n<p>Umsatzsteuer-Identifikationsnummer gem\u00e4\u00df \u00a7 27 a Umsatzsteuergesetz:<br \/>\nDE276156673<\/p>\n<p>Verantwortlich f\u00fcr den Inhalt nach \u00a7 55 Abs. 2 RStV:<br \/>\nViktor Meier<\/p>\n<p>Industriestra\u00dfe 1<br \/>\n77731 Willst\u00e4tt<br \/>\nDeutschland<\/p>\n","protected":false},"excerpt":{"rendered":"<p>Chirasol GmbH Industriestra\u00dfe 1 77731 Willst\u00e4tt Deutschland Telefon: 07852 81005 E-Mail: shop[@]mix-trading.com Vertreten durch: Viktor Meier, Gesch\u00e4ftsf\u00fchrer Eintragung im Handelsregister: Amtsgericht Freiburg HRB 706129 Umsatzsteuer-Identifikationsnummer gem\u00e4\u00df \u00a7 27 a Umsatzsteuergesetz: DE276156673 Verantwortlich f\u00fcr den Inhalt nach \u00a7 55 Abs. 2 RStV: Viktor Meier Industriestra\u00dfe 1 77731 Willst\u00e4tt Deutschland<\/p>\n","protected":false},"author":1,"featured_media":0,"parent":0,"menu_order":0,"comment_status":"closed","ping_status":"closed","template":"","meta":{"footnotes":""},"class_list":["post-65","page","type-page","status-publish","hentry"],"jetpack_sharing_enabled":true,"_links":{"self":[{"href":"https:\/\/www.mix-trading.com\/index.php\/wp-json\/wp\/v2\/pages\/65","targetHints":{"allow":["GET"]}}],"collection":[{"href":"https:\/\/www.mix-trading.com\/index.php\/wp-json\/wp\/v2\/pages"}],"about":[{"href":"https:\/\/www.mix-trading.com\/index.php\/wp-json\/wp\/v2\/types\/page"}],"author":[{"embeddable":true,"href":"https:\/\/www.mix-trading.com\/index.php\/wp-json\/wp\/v2\/users\/1"}],"replies":[{"embeddable":true,"href":"https:\/\/www.mix-trading.com\/index.php\/wp-json\/wp\/v2\/comments?post=65"}],"version-history":[{"count":4,"href":"https:\/\/www.mix-trading.com\/index.php\/wp-json\/wp\/v2\/pages\/65\/revisions"}],"predecessor-version":[{"id":1443,"href":"https:\/\/www.mix-trading.com\/index.php\/wp-json\/wp\/v2\/pages\/65\/revisions\/1443"}],"wp:attachment":[{"href":"https:\/\/www.mix-trading.com\/index.php\/wp-json\/wp\/v2\/media?parent=65"}],"curies":[{"name":"wp","href":"https:\/\/api.w.org\/{rel}","templated":true}]}}